{"id":86,"date":"2018-03-20T18:03:56","date_gmt":"2018-03-20T18:03:56","guid":{"rendered":"https:\/\/tkmetall.de\/?page_id=86"},"modified":"2018-03-20T18:03:56","modified_gmt":"2018-03-20T18:03:56","slug":"rost-deko","status":"publish","type":"page","link":"https:\/\/tkmetall.de\/index.php\/rost-deko\/","title":{"rendered":"Rost-Deko"},"content":{"rendered":"<p><img decoding=\"async\" src=\"https:\/\/tkmetall.de\/wp-content\/uploads\/2018\/03\/tklogo.png\" alt=\"\" width=\"225\" height=\"88\" class=\"aligncenter wp-image-143\" srcset=\"https:\/\/tkmetall.de\/wp-content\/uploads\/2018\/03\/tklogo.png 443w, https:\/\/tkmetall.de\/wp-content\/uploads\/2018\/03\/tklogo-300x118.png 300w\" sizes=\"(max-width: 225px) 100vw, 225px\" \/><\/p>\n<p>Deko aus angerostetem Metall tr\u00e4gt dazu bei, Ihren Garten aufzuwerten und Ihrem Gartenambiente den letzten Schliff zu geben. Bei uns finden Sie schm\u00fcckende, dekorative, sowie praktische Zierelemente.<\/p>\n<p>Besuchen Sie unseren kleinen, aber zahlreich best\u00fcckten Ausstellungsraum und finden Sie Ihre Rost-Deko zum Freuen, Schenken, oder Selberschenken.<br \/>\nUnser Angebot erstreckt sich \u00fcber:<br \/>\nStecker, H\u00e4nger, Tischdekoration, Lichtobjekte, Gartendekoration (Blumen, Tiere, Phantasie), Pflanzgef\u00e4\u00dfe \/ Pflanzschalen, Rankhilfen, Tische \/ St\u00fchle, S\u00e4ulen\u2026..usw.<\/p>\n<p><a href=\"https:\/\/tkmetall.de\/wp-content\/uploads\/2018\/03\/rostdeko9.jpg\"><img decoding=\"async\" src=\"https:\/\/tkmetall.de\/wp-content\/uploads\/2018\/03\/rostdeko9.jpg\" alt=\"\" width=\"243\" height=\"182\" class=\"alignnone wp-image-156\" srcset=\"https:\/\/tkmetall.de\/wp-content\/uploads\/2018\/03\/rostdeko9.jpg 2560w, https:\/\/tkmetall.de\/wp-content\/uploads\/2018\/03\/rostdeko9-300x225.jpg 300w, https:\/\/tkmetall.de\/wp-content\/uploads\/2018\/03\/rostdeko9-768x576.jpg 768w, https:\/\/tkmetall.de\/wp-content\/uploads\/2018\/03\/rostdeko9-1024x768.jpg 1024w\" sizes=\"(max-width: 243px) 100vw, 243px\" \/><\/a>\u00a0 <a href=\"https:\/\/tkmetall.de\/wp-content\/uploads\/2018\/03\/rostdeko7.jpg\"><img decoding=\"async\" src=\"https:\/\/tkmetall.de\/wp-content\/uploads\/2018\/03\/rostdeko7-300x225.jpg\" alt=\"\" width=\"243\" height=\"182\" class=\"alignnone wp-image-154\" srcset=\"https:\/\/tkmetall.de\/wp-content\/uploads\/2018\/03\/rostdeko7-300x225.jpg 300w, https:\/\/tkmetall.de\/wp-content\/uploads\/2018\/03\/rostdeko7-768x576.jpg 768w, https:\/\/tkmetall.de\/wp-content\/uploads\/2018\/03\/rostdeko7-1024x768.jpg 1024w\" sizes=\"(max-width: 243px) 100vw, 243px\" \/><\/a> <a href=\"https:\/\/tkmetall.de\/wp-content\/uploads\/2018\/03\/rostdeko6.jpg\"><img loading=\"lazy\" decoding=\"async\" src=\"https:\/\/tkmetall.de\/wp-content\/uploads\/2018\/03\/rostdeko6-300x225.jpg\" alt=\"\" width=\"243\" height=\"182\" class=\"alignnone wp-image-153\" srcset=\"https:\/\/tkmetall.de\/wp-content\/uploads\/2018\/03\/rostdeko6-300x225.jpg 300w, https:\/\/tkmetall.de\/wp-content\/uploads\/2018\/03\/rostdeko6-768x576.jpg 768w, https:\/\/tkmetall.de\/wp-content\/uploads\/2018\/03\/rostdeko6-1024x768.jpg 1024w\" sizes=\"(max-width: 243px) 100vw, 243px\" \/><\/a> <a href=\"https:\/\/tkmetall.de\/wp-content\/uploads\/2018\/03\/rostdeko5.jpg\"><img loading=\"lazy\" decoding=\"async\" src=\"https:\/\/tkmetall.de\/wp-content\/uploads\/2018\/03\/rostdeko5-300x225.jpg\" alt=\"\" width=\"243\" height=\"182\" class=\"alignnone wp-image-152\" srcset=\"https:\/\/tkmetall.de\/wp-content\/uploads\/2018\/03\/rostdeko5-300x225.jpg 300w, https:\/\/tkmetall.de\/wp-content\/uploads\/2018\/03\/rostdeko5-768x576.jpg 768w, https:\/\/tkmetall.de\/wp-content\/uploads\/2018\/03\/rostdeko5-1024x768.jpg 1024w\" sizes=\"(max-width: 243px) 100vw, 243px\" \/><\/a> <a href=\"https:\/\/tkmetall.de\/wp-content\/uploads\/2018\/03\/Rostdeko4.jpg\"><img loading=\"lazy\" decoding=\"async\" src=\"https:\/\/tkmetall.de\/wp-content\/uploads\/2018\/03\/Rostdeko4-300x225.jpg\" alt=\"\" width=\"243\" height=\"182\" class=\"alignnone wp-image-151\" srcset=\"https:\/\/tkmetall.de\/wp-content\/uploads\/2018\/03\/Rostdeko4-300x225.jpg 300w, https:\/\/tkmetall.de\/wp-content\/uploads\/2018\/03\/Rostdeko4-768x576.jpg 768w, https:\/\/tkmetall.de\/wp-content\/uploads\/2018\/03\/Rostdeko4-1024x768.jpg 1024w\" sizes=\"(max-width: 243px) 100vw, 243px\" \/><\/a> <a href=\"https:\/\/tkmetall.de\/wp-content\/uploads\/2018\/03\/Rostdeko3.jpg\"><img loading=\"lazy\" decoding=\"async\" src=\"https:\/\/tkmetall.de\/wp-content\/uploads\/2018\/03\/Rostdeko3-300x225.jpg\" alt=\"\" width=\"243\" height=\"182\" class=\"alignnone wp-image-150\" srcset=\"https:\/\/tkmetall.de\/wp-content\/uploads\/2018\/03\/Rostdeko3-300x225.jpg 300w, https:\/\/tkmetall.de\/wp-content\/uploads\/2018\/03\/Rostdeko3-768x576.jpg 768w, https:\/\/tkmetall.de\/wp-content\/uploads\/2018\/03\/Rostdeko3-1024x768.jpg 1024w\" sizes=\"(max-width: 243px) 100vw, 243px\" \/><\/a> <a href=\"https:\/\/tkmetall.de\/wp-content\/uploads\/2018\/03\/Rostdeko2.jpg\"><img loading=\"lazy\" decoding=\"async\" src=\"https:\/\/tkmetall.de\/wp-content\/uploads\/2018\/03\/Rostdeko2-300x225.jpg\" alt=\"\" width=\"243\" height=\"182\" class=\"alignnone wp-image-149\" srcset=\"https:\/\/tkmetall.de\/wp-content\/uploads\/2018\/03\/Rostdeko2-300x225.jpg 300w, https:\/\/tkmetall.de\/wp-content\/uploads\/2018\/03\/Rostdeko2-768x576.jpg 768w, https:\/\/tkmetall.de\/wp-content\/uploads\/2018\/03\/Rostdeko2-1024x768.jpg 1024w\" sizes=\"(max-width: 243px) 100vw, 243px\" \/><\/a> <a href=\"https:\/\/tkmetall.de\/wp-content\/uploads\/2018\/03\/rostdeko1.jpg\"><img loading=\"lazy\" decoding=\"async\" src=\"https:\/\/tkmetall.de\/wp-content\/uploads\/2018\/03\/rostdeko1-300x225.jpg\" alt=\"\" width=\"243\" height=\"182\" class=\"alignnone wp-image-148\" srcset=\"https:\/\/tkmetall.de\/wp-content\/uploads\/2018\/03\/rostdeko1-300x225.jpg 300w, https:\/\/tkmetall.de\/wp-content\/uploads\/2018\/03\/rostdeko1-768x576.jpg 768w, https:\/\/tkmetall.de\/wp-content\/uploads\/2018\/03\/rostdeko1-1024x768.jpg 1024w\" sizes=\"(max-width: 243px) 100vw, 243px\" \/><\/a>\u00a0<a href=\"https:\/\/tkmetall.de\/wp-content\/uploads\/2018\/03\/rostdeko8.jpg\"><img loading=\"lazy\" decoding=\"async\" src=\"https:\/\/tkmetall.de\/wp-content\/uploads\/2018\/03\/rostdeko8-225x300.jpg\" alt=\"\" width=\"137\" height=\"183\" class=\"alignnone wp-image-155 \" srcset=\"https:\/\/tkmetall.de\/wp-content\/uploads\/2018\/03\/rostdeko8-225x300.jpg 225w, https:\/\/tkmetall.de\/wp-content\/uploads\/2018\/03\/rostdeko8-768x1024.jpg 768w, https:\/\/tkmetall.de\/wp-content\/uploads\/2018\/03\/rostdeko8.jpg 1920w\" sizes=\"(max-width: 137px) 100vw, 137px\" \/><\/a><\/p>\n","protected":false},"excerpt":{"rendered":"<p>Deko aus angerostetem Metall tr\u00e4gt dazu bei, Ihren Garten aufzuwerten und Ihrem Gartenambiente den letzten Schliff zu geben. Bei uns finden Sie schm\u00fcckende, dekorative, sowie praktische Zierelemente. Besuchen Sie unseren kleinen, aber zahlreich best\u00fcckten Ausstellungsraum und finden Sie Ihre Rost-Deko zum Freuen, Schenken, oder Selberschenken. Unser Angebot erstreckt sich \u00fcber:<a class=\"moretag\" href=\"https:\/\/tkmetall.de\/index.php\/rost-deko\/\"> Weiterlesen<\/a><\/p>\n","protected":false},"author":1,"featured_media":0,"parent":0,"menu_order":0,"comment_status":"closed","ping_status":"closed","template":"","meta":[],"aioseo_notices":[],"_links":{"self":[{"href":"https:\/\/tkmetall.de\/index.php\/wp-json\/wp\/v2\/pages\/86"}],"collection":[{"href":"https:\/\/tkmetall.de\/index.php\/wp-json\/wp\/v2\/pages"}],"about":[{"href":"https:\/\/tkmetall.de\/index.php\/wp-json\/wp\/v2\/types\/page"}],"author":[{"embeddable":true,"href":"https:\/\/tkmetall.de\/index.php\/wp-json\/wp\/v2\/users\/1"}],"replies":[{"embeddable":true,"href":"https:\/\/tkmetall.de\/index.php\/wp-json\/wp\/v2\/comments?post=86"}],"version-history":[{"count":10,"href":"https:\/\/tkmetall.de\/index.php\/wp-json\/wp\/v2\/pages\/86\/revisions"}],"predecessor-version":[{"id":286,"href":"https:\/\/tkmetall.de\/index.php\/wp-json\/wp\/v2\/pages\/86\/revisions\/286"}],"wp:attachment":[{"href":"https:\/\/tkmetall.de\/index.php\/wp-json\/wp\/v2\/media?parent=86"}],"curies":[{"name":"wp","href":"https:\/\/api.w.org\/{rel}","templated":true}]}}